{"id":54124,"date":"2019-02-08T16:26:31","date_gmt":"2018-02-08T14:26:31","guid":{"rendered":"https:\/\/www.home-deco.gr\/product\/uncategorized\/tre-i-hd\/"},"modified":"2024-07-25T17:32:38","modified_gmt":"2024-07-25T14:32:38","slug":"tre-i-hd","status":"publish","type":"product","link":"https:\/\/www.home-deco.gr\/en\/shop\/bedroom-en\/bedside-tables\/tre-i-hd\/","title":{"rendered":"TRE I-HD"},"content":{"rendered":"","protected":false},"excerpt":{"rendered":"<p>Bedside table made of solid oak, wooden surface and metal base with handmade weave in ecru color. Available in dimensions \u00d838-\u00d842&#215;46.5h and \u00d846-\u00d852&#215;61.5h cm.<\/p>\n","protected":false},"featured_media":12896,"template":"","meta":[],"product_brand":[],"product_cat":[129,131],"product_tag":[],"class_list":{"0":"post-54124","1":"product","2":"type-product","3":"status-publish","4":"has-post-thumbnail","6":"product_cat-bedroom-en","7":"product_cat-bedside-tables","9":"first","10":"instock","11":"shipping-taxable","12":"product-type-simple"},"_links":{"self":[{"href":"https:\/\/www.home-deco.gr\/en\/wp-json\/wp\/v2\/product\/54124","targetHints":{"allow":["GET"]}}],"collection":[{"href":"https:\/\/www.home-deco.gr\/en\/wp-json\/wp\/v2\/product"}],"about":[{"href":"https:\/\/www.home-deco.gr\/en\/wp-json\/wp\/v2\/types\/product"}],"wp:featuredmedia":[{"embeddable":true,"href":"https:\/\/www.home-deco.gr\/en\/wp-json\/wp\/v2\/media\/12896"}],"wp:attachment":[{"href":"https:\/\/www.home-deco.gr\/en\/wp-json\/wp\/v2\/media?parent=54124"}],"wp:term":[{"taxonomy":"product_brand","embeddable":true,"href":"https:\/\/www.home-deco.gr\/en\/wp-json\/wp\/v2\/product_brand?post=54124"},{"taxonomy":"product_cat","embeddable":true,"href":"https:\/\/www.home-deco.gr\/en\/wp-json\/wp\/v2\/product_cat?post=54124"},{"taxonomy":"product_tag","embeddable":true,"href":"https:\/\/www.home-deco.gr\/en\/wp-json\/wp\/v2\/product_tag?post=54124"}],"curies":[{"name":"wp","href":"https:\/\/api.w.org\/{rel}","templated":true}]}}